{"id":134,"date":"2024-07-29T12:07:33","date_gmt":"2024-07-29T19:07:33","guid":{"rendered":"https:\/\/opusforza.com\/?page_id=134"},"modified":"2024-07-30T12:12:30","modified_gmt":"2024-07-30T19:12:30","slug":"nosotros","status":"publish","type":"page","link":"https:\/\/opusforza.com\/index.php\/home\/nosotros\/","title":{"rendered":"Nosotros"},"content":{"rendered":"\t\t<div data-elementor-type=\"wp-page\" data-elementor-id=\"134\" class=\"elementor elementor-134\" data-elementor-post-type=\"page\">\n\t\t\t\t<div class=\"elementor-element elementor-element-2c70a700 e-con-full e-flex e-con e-parent\" data-id=\"2c70a700\" data-element_type=\"container\" data-settings=\"{&quot;background_background&quot;:&quot;classic&quot;}\">\n\t\t<div class=\"elementor-element elementor-element-6872fb52 e-con-full e-flex e-con e-child\" data-id=\"6872fb52\" data-element_type=\"container\">\n\t\t\t\t<div class=\"elementor-element elementor-element-31dec133 elementor-widget elementor-widget-image\" data-id=\"31dec133\" data-element_type=\"widget\" data-widget_type=\"image.default\">\n\t\t\t\t<div class=\"elementor-widget-container\">\n\t\t\t\t\t\t\t\t\t\t\t\t\t\t\t<img fetchpriority=\"high\" decoding=\"async\" width=\"800\" height=\"206\" src=\"https:\/\/opusforza.com\/wp-content\/uploads\/2024\/05\/Opus-Forza-Logo-horizonral-1024x264.png\" class=\"attachment-large size-large wp-image-64\" alt=\"\" srcset=\"https:\/\/opusforza.com\/wp-content\/uploads\/2024\/05\/Opus-Forza-Logo-horizonral-1024x264.png 1024w, https:\/\/opusforza.com\/wp-content\/uploads\/2024\/05\/Opus-Forza-Logo-horizonral-300x77.png 300w, https:\/\/opusforza.com\/wp-content\/uploads\/2024\/05\/Opus-Forza-Logo-horizonral-768x198.png 768w, https:\/\/opusforza.com\/wp-content\/uploads\/2024\/05\/Opus-Forza-Logo-horizonral-1536x396.png 1536w, https:\/\/opusforza.com\/wp-content\/uploads\/2024\/05\/Opus-Forza-Logo-horizonral-2048x528.png 2048w\" sizes=\"(max-width: 800px) 100vw, 800px\" \/>\t\t\t\t\t\t\t\t\t\t\t\t\t\t\t<\/div>\n\t\t\t\t<\/div>\n\t\t\t\t<div class=\"elementor-element elementor-element-8be1d8e elementor-widget elementor-widget-heading\" data-id=\"8be1d8e\" data-element_type=\"widget\" data-widget_type=\"heading.default\">\n\t\t\t\t<div class=\"elementor-widget-container\">\n\t\t\t\t\t<h2 class=\"elementor-heading-title elementor-size-default\">Nosotros<\/h2>\t\t\t\t<\/div>\n\t\t\t\t<\/div>\n\t\t\t\t<div class=\"elementor-element elementor-element-2956daa8 elementor-widget elementor-widget-heading\" data-id=\"2956daa8\" data-element_type=\"widget\" data-widget_type=\"heading.default\">\n\t\t\t\t<div class=\"elementor-widget-container\">\n\t\t\t\t\t<h3 class=\"elementor-heading-title elementor-size-default\">Nos dedicamos a transformar ideas en realidades tangibles. Con un enfoque especializado en la construcci\u00f3n comercial, hemos consolidado una s\u00f3lida reputaci\u00f3n basada en la calidad, innovaci\u00f3n y el compromiso con nuestros clientes.<\/h3>\t\t\t\t<\/div>\n\t\t\t\t<\/div>\n\t\t\t\t<div class=\"elementor-element elementor-element-1fd7a974 elementor-widget elementor-widget-text-editor\" data-id=\"1fd7a974\" data-element_type=\"widget\" data-widget_type=\"text-editor.default\">\n\t\t\t\t<div class=\"elementor-widget-container\">\n\t\t\t\t\t\t\t\t\t<p>Mision: Dise\u00f1ar y construir espacios comerciales que no solo cumplan con las necesidades funcionales de nuestros clientes, sino que tambi\u00e9n reflejen su visi\u00f3n y valores.<\/p><p>\u00a0<\/p><p>Vision: Aspiramos a ser l\u00edderes en el sector de la construcci\u00f3n comercial de la regi\u00f3n, reconocidos por nuestra innovaci\u00f3n, calidad y enfoque al cliente. Nuestro objetivo es construir un futuro donde cada espacio comercial que creamos contribuya al crecimiento y \u00e9xito de nuestros clientes y sus comunidades.<\/p>\t\t\t\t\t\t\t\t<\/div>\n\t\t\t\t<\/div>\n\t\t\t\t<\/div>\n\t\t<div class=\"elementor-element elementor-element-1c3dbe61 e-con-full e-flex e-con e-child\" data-id=\"1c3dbe61\" data-element_type=\"container\" data-settings=\"{&quot;background_background&quot;:&quot;classic&quot;}\">\n\t\t\t\t<\/div>\n\t\t\t\t<\/div>\n\t\t\t\t<\/div>\n\t\t","protected":false},"excerpt":{"rendered":"<p>Nosotros Nos dedicamos a transformar ideas en realidades tangibles. Con un enfoque especializado en la construcci\u00f3n comercial, hemos consolidado una s\u00f3lida reputaci\u00f3n basada en la calidad, innovaci\u00f3n y el compromiso con nuestros clientes. Mision: Dise\u00f1ar y construir espacios comerciales que no solo cumplan con las necesidades funcionales de nuestros clientes, sino que tambi\u00e9n reflejen su [&hellip;]<\/p>\n","protected":false},"author":1,"featured_media":0,"parent":2,"menu_order":0,"comment_status":"closed","ping_status":"closed","template":"","meta":{"footnotes":""},"class_list":["post-134","page","type-page","status-publish","hentry"],"_links":{"self":[{"href":"https:\/\/opusforza.com\/index.php\/wp-json\/wp\/v2\/pages\/134","targetHints":{"allow":["GET"]}}],"collection":[{"href":"https:\/\/opusforza.com\/index.php\/wp-json\/wp\/v2\/pages"}],"about":[{"href":"https:\/\/opusforza.com\/index.php\/wp-json\/wp\/v2\/types\/page"}],"author":[{"embeddable":true,"href":"https:\/\/opusforza.com\/index.php\/wp-json\/wp\/v2\/users\/1"}],"replies":[{"embeddable":true,"href":"https:\/\/opusforza.com\/index.php\/wp-json\/wp\/v2\/comments?post=134"}],"version-history":[{"count":7,"href":"https:\/\/opusforza.com\/index.php\/wp-json\/wp\/v2\/pages\/134\/revisions"}],"predecessor-version":[{"id":168,"href":"https:\/\/opusforza.com\/index.php\/wp-json\/wp\/v2\/pages\/134\/revisions\/168"}],"up":[{"embeddable":true,"href":"https:\/\/opusforza.com\/index.php\/wp-json\/wp\/v2\/pages\/2"}],"wp:attachment":[{"href":"https:\/\/opusforza.com\/index.php\/wp-json\/wp\/v2\/media?parent=134"}],"curies":[{"name":"wp","href":"https:\/\/api.w.org\/{rel}","templated":true}]}}