{"id":226,"date":"2025-01-03T11:33:47","date_gmt":"2025-01-03T18:33:47","guid":{"rendered":"https:\/\/opusforza.com\/?page_id=226"},"modified":"2025-01-03T11:42:10","modified_gmt":"2025-01-03T18:42:10","slug":"avisodeprivacidad","status":"publish","type":"page","link":"https:\/\/opusforza.com\/index.php\/home\/avisodeprivacidad\/","title":{"rendered":"Aviso de Privacidad"},"content":{"rendered":"\t\t<div data-elementor-type=\"wp-page\" data-elementor-id=\"226\" class=\"elementor elementor-226\" data-elementor-post-type=\"page\">\n\t\t\t\t<div class=\"elementor-element elementor-element-2c70a700 e-con-full e-flex e-con e-parent\" data-id=\"2c70a700\" data-element_type=\"container\" data-settings=\"{&quot;background_background&quot;:&quot;classic&quot;}\">\n\t\t<div class=\"elementor-element elementor-element-6872fb52 e-con-full e-flex e-con e-child\" data-id=\"6872fb52\" data-element_type=\"container\">\n\t\t\t\t<div class=\"elementor-element elementor-element-31dec133 elementor-widget elementor-widget-image\" data-id=\"31dec133\" data-element_type=\"widget\" data-widget_type=\"image.default\">\n\t\t\t\t<div class=\"elementor-widget-container\">\n\t\t\t\t\t\t\t\t\t\t\t\t\t\t\t<img fetchpriority=\"high\" decoding=\"async\" width=\"800\" height=\"206\" src=\"https:\/\/opusforza.com\/wp-content\/uploads\/2024\/05\/Opus-Forza-Logo-horizonral-1024x264.png\" class=\"attachment-large size-large wp-image-64\" alt=\"\" srcset=\"https:\/\/opusforza.com\/wp-content\/uploads\/2024\/05\/Opus-Forza-Logo-horizonral-1024x264.png 1024w, https:\/\/opusforza.com\/wp-content\/uploads\/2024\/05\/Opus-Forza-Logo-horizonral-300x77.png 300w, https:\/\/opusforza.com\/wp-content\/uploads\/2024\/05\/Opus-Forza-Logo-horizonral-768x198.png 768w, https:\/\/opusforza.com\/wp-content\/uploads\/2024\/05\/Opus-Forza-Logo-horizonral-1536x396.png 1536w, https:\/\/opusforza.com\/wp-content\/uploads\/2024\/05\/Opus-Forza-Logo-horizonral-2048x528.png 2048w\" sizes=\"(max-width: 800px) 100vw, 800px\" \/>\t\t\t\t\t\t\t\t\t\t\t\t\t\t\t<\/div>\n\t\t\t\t<\/div>\n\t\t\t\t<div class=\"elementor-element elementor-element-8be1d8e elementor-widget elementor-widget-heading\" data-id=\"8be1d8e\" data-element_type=\"widget\" data-widget_type=\"heading.default\">\n\t\t\t\t<div class=\"elementor-widget-container\">\n\t\t\t\t\t<h2 class=\"elementor-heading-title elementor-size-default\">Aviso de privacidad<\/h2>\t\t\t\t<\/div>\n\t\t\t\t<\/div>\n\t\t\t\t<div class=\"elementor-element elementor-element-2956daa8 elementor-widget elementor-widget-heading\" data-id=\"2956daa8\" data-element_type=\"widget\" data-widget_type=\"heading.default\">\n\t\t\t\t<div class=\"elementor-widget-container\">\n\t\t\t\t\t<h3 class=\"elementor-heading-title elementor-size-default\">\u00daltima actualizaci\u00f3n: 01 Enero 2025<br>En cumplimiento con lo dispuesto por la Ley Federal de Protecci\u00f3n de Datos Personales en Posesi\u00f3n de los Particulares (en adelante, la \u201cLey\u201d), Constructora Opus Forza (en lo sucesivo, \u201cla Empresa\u201d) hace de su conocimiento lo siguiente:<\/h3>\t\t\t\t<\/div>\n\t\t\t\t<\/div>\n\t\t\t\t<div class=\"elementor-element elementor-element-1fd7a974 elementor-widget elementor-widget-text-editor\" data-id=\"1fd7a974\" data-element_type=\"widget\" data-widget_type=\"text-editor.default\">\n\t\t\t\t<div class=\"elementor-widget-container\">\n\t\t\t\t\t\t\t\t\t<div>1. Identidad y Domicilio del Responsable<\/div>\n<div>\u00a0<\/div>\n<div>La Empresa, con domicilio en Av. Federalismo 480-A, Col Las palmas, Culiacan Sin, es responsable del tratamiento de sus datos personales conforme a lo establecido en este Aviso de Privacidad.<\/div>\n<div>\u00a0<\/div>\n<div>2. Finalidades del Tratamiento de los Datos Personales<\/div>\n<div>\u00a0<\/div>\n<div>La informaci\u00f3n personal que recabamos de usted ser\u00e1 utilizada para las siguientes finalidades principales:<\/div>\n<div>\u2022Elaboraci\u00f3n y gesti\u00f3n de proyectos de construcci\u00f3n.<\/div>\n<div>\u2022Facturaci\u00f3n y cumplimiento de obligaciones contractuales.<\/div>\n<div>\u2022Env\u00edo de informaci\u00f3n sobre avances de obras, presupuestos y servicios relacionados.<\/div>\n<div>\u2022Atenci\u00f3n a consultas, quejas y aclaraciones.<\/div>\n<div>\u00a0<\/div>\n<div>De manera adicional, utilizaremos su informaci\u00f3n para finalidades secundarias como:<\/div>\n<div>\u2022Env\u00edo de publicidad, promociones y noticias sobre nuestros servicios.<\/div>\n<div>\u2022Encuestas de satisfacci\u00f3n y mejora de servicios.<\/div>\n<div>\u00a0<\/div>\n<div>Usted puede en cualquier momento solicitar que sus datos no sean utilizados para las finalidades secundarias se\u00f1aladas.<\/div>\n<div>\u00a0<\/div>\n<div>3. Datos Personales que Recabamos<\/div>\n<div>\u00a0<\/div>\n<div>Los datos personales que recabamos incluyen, entre otros:<\/div>\n<div>\u2022Nombre completo.<\/div>\n<div>\u2022Domicilio.<\/div>\n<div>\u2022Tel\u00e9fono.<\/div>\n<div>\u2022Correo electr\u00f3nico.<\/div>\n<div>\u2022Registro Federal de Contribuyentes (RFC).<\/div>\n<div>\u2022Informaci\u00f3n bancaria (en caso de pagos y facturaci\u00f3n).<\/div>\n<div>\u00a0<\/div>\n<div>En caso de ser necesario, tambi\u00e9n podremos recabar datos sensibles relacionados con su solvencia econ\u00f3mica o historial crediticio, mismos que ser\u00e1n tratados conforme a los m\u00e1s altos est\u00e1ndares de seguridad.<\/div>\t\t\t\t\t\t\t\t<\/div>\n\t\t\t\t<\/div>\n\t\t\t\t<\/div>\n\t\t<div class=\"elementor-element elementor-element-1c3dbe61 e-con-full e-flex e-con e-child\" data-id=\"1c3dbe61\" data-element_type=\"container\" data-settings=\"{&quot;background_background&quot;:&quot;classic&quot;}\">\n\t\t\t\t<div class=\"elementor-element elementor-element-a2f0036 elementor-widget elementor-widget-text-editor\" data-id=\"a2f0036\" data-element_type=\"widget\" data-widget_type=\"text-editor.default\">\n\t\t\t\t<div class=\"elementor-widget-container\">\n\t\t\t\t\t\t\t\t\t<div>4. Transferencia de Datos Personales<\/div>\n<div>\u00a0<\/div>\n<div>La Empresa podr\u00e1 compartir sus datos personales \u00fanicamente con las siguientes personas y para los fines indicados:<\/div>\n<div>\u2022Autoridades competentes, en cumplimiento de la legislaci\u00f3n aplicable.<\/div>\n<div>\u2022Proveedores de servicios que nos apoyen en actividades como facturaci\u00f3n, auditor\u00edas y procesos relacionados con la construcci\u00f3n, quienes estar\u00e1n sujetos a las mismas obligaciones de confidencialidad.<\/div>\n<div>\u00a0<\/div>\n<div>La Empresa no comercializa, vende ni alquila sus datos personales a terceros.<\/div>\n<div>\u00a0<\/div>\n<div>5. Medios para Ejercer sus Derechos ARCO<\/div>\n<div>\u00a0<\/div>\n<div>Usted tiene derecho a Acceder, Rectificar, Cancelar u Oponerse (ARCO) al tratamiento de sus datos personales. Para ejercer cualquiera de estos derechos, puede enviar su solicitud al correo electr\u00f3nico [Correo electr\u00f3nico de contacto] o presentarla directamente en nuestro domicilio.<\/div>\n<div>\u00a0<\/div>\n<div>Su solicitud deber\u00e1 incluir:<\/div>\n<div>\u2022Su nombre completo y datos de contacto.<\/div>\n<div>\u2022Descripci\u00f3n clara y precisa de los datos personales respecto de los cuales desea ejercer alguno de los derechos ARCO.<\/div>\n<div>\u2022Cualquier documento que acredite su identidad o, en su caso, la representaci\u00f3n legal.<\/div>\n<div>\u00a0<\/div>\n<div>Daremos respuesta a su solicitud en un plazo m\u00e1ximo de 20 d\u00edas h\u00e1biles.<\/div>\n<div>\u00a0<\/div>\n<div>6. Cambios al Aviso de Privacidad<\/div>\n<div>\u00a0<\/div>\n<div>Nos reservamos el derecho de realizar modificaciones o actualizaciones al presente Aviso de Privacidad, en atenci\u00f3n a nuevos requerimientos legales o por necesidades internas. Estas modificaciones estar\u00e1n disponibles en nuestra p\u00e1gina web [URL de la empresa] o se le har\u00e1n llegar por correo electr\u00f3nico.<\/div>\n<div>\u00a0<\/div>\n<div>7. Medidas de Seguridad<\/div>\n<div>\u00a0<\/div>\n<div>La Empresa implementa medidas de seguridad administrativas, t\u00e9cnicas y f\u00edsicas para proteger sus datos personales contra da\u00f1o, p\u00e9rdida, alteraci\u00f3n, destrucci\u00f3n o uso no autorizado.<\/div>\n<div>\u00a0<\/div>\n<div>Si tiene alguna duda o comentario sobre este Aviso de Privacidad, puede ponerse en contacto con nuestro Departamento de Datos Personales al correo electr\u00f3nico [Correo electr\u00f3nico de contacto].<\/div>\n<div>\u00a0<\/div>\n<div>Atentamente,<\/div>\n<div>Constructora Opus Forza<\/div>\t\t\t\t\t\t\t\t<\/div>\n\t\t\t\t<\/div>\n\t\t\t\t<\/div>\n\t\t\t\t<\/div>\n\t\t\t\t<\/div>\n\t\t","protected":false},"excerpt":{"rendered":"<p>Aviso de privacidad \u00daltima actualizaci\u00f3n: 01 Enero 2025En cumplimiento con lo dispuesto por la Ley Federal de Protecci\u00f3n de Datos Personales en Posesi\u00f3n de los Particulares (en adelante, la \u201cLey\u201d), Constructora Opus Forza (en lo sucesivo, \u201cla Empresa\u201d) hace de su conocimiento lo siguiente: 1. Identidad y Domicilio del Responsable \u00a0 La Empresa, con domicilio [&hellip;]<\/p>\n","protected":false},"author":1,"featured_media":0,"parent":2,"menu_order":0,"comment_status":"closed","ping_status":"closed","template":"","meta":{"footnotes":""},"class_list":["post-226","page","type-page","status-publish","hentry"],"_links":{"self":[{"href":"https:\/\/opusforza.com\/index.php\/wp-json\/wp\/v2\/pages\/226","targetHints":{"allow":["GET"]}}],"collection":[{"href":"https:\/\/opusforza.com\/index.php\/wp-json\/wp\/v2\/pages"}],"about":[{"href":"https:\/\/opusforza.com\/index.php\/wp-json\/wp\/v2\/types\/page"}],"author":[{"embeddable":true,"href":"https:\/\/opusforza.com\/index.php\/wp-json\/wp\/v2\/users\/1"}],"replies":[{"embeddable":true,"href":"https:\/\/opusforza.com\/index.php\/wp-json\/wp\/v2\/comments?post=226"}],"version-history":[{"count":4,"href":"https:\/\/opusforza.com\/index.php\/wp-json\/wp\/v2\/pages\/226\/revisions"}],"predecessor-version":[{"id":231,"href":"https:\/\/opusforza.com\/index.php\/wp-json\/wp\/v2\/pages\/226\/revisions\/231"}],"up":[{"embeddable":true,"href":"https:\/\/opusforza.com\/index.php\/wp-json\/wp\/v2\/pages\/2"}],"wp:attachment":[{"href":"https:\/\/opusforza.com\/index.php\/wp-json\/wp\/v2\/media?parent=226"}],"curies":[{"name":"wp","href":"https:\/\/api.w.org\/{rel}","templated":true}]}}